{"id":1813,"date":"2021-08-16T11:34:50","date_gmt":"2021-08-16T11:34:50","guid":{"rendered":"http:\/\/laresidance.nl\/?page_id=1813"},"modified":"2024-10-07T11:11:05","modified_gmt":"2024-10-07T11:11:05","slug":"tanzkurse","status":"publish","type":"page","link":"https:\/\/laresidance.nl\/danslessen\/tanzkurse\/","title":{"rendered":"Tanzkurse Standard und Latein"},"content":{"rendered":"\n<div class=\"wp-block-media-text alignwide is-stacked-on-mobile\" style=\"grid-template-columns:26% auto\"><figure class=\"wp-block-media-text__media\"><img data-recalc-dims=\"1\" height=\"562\" width=\"843\" decoding=\"async\" src=\"https:\/\/i0.wp.com\/laresidance.nl\/wp-content\/uploads\/2021\/08\/2021.05.21-terugkomlessen-42.jpg?resize=843%2C562&#038;ssl=1\" alt=\"tanzschule\" class=\"wp-image-1832 size-full\"\/><\/figure><div class=\"wp-block-media-text__content\">\n<h3 class=\"wp-block-heading\"><strong>Tanzkurse f\u00fcr Einsteiger und Fortgeschrittene<\/strong><\/h3>\n\n\n\n<p class=\"has-normal-font-size\">Unser Kursangebot umfasst Tanzkurse f\u00fcr Einsteiger und Fortgeschrittene. Egal ob Sie zum ersten Mal tanzen lernen m\u00f6chten oder bereits Erfahrung haben, wir haben den richtigen Kurs f\u00fcr Sie. In unseren Tanzkursen lernen Sie verschiedene Tanzstile und verbessern Ihre Technik. <br><br>Unsere Tanzlehrerinnen und Tanzlehrer begleiten Sie mit viel Engagement und Freude beim Tanzenlernen. Sie schaffen eine angenehme Atmosph\u00e4re, in der Sie sich wohlf\u00fchlen und Ihre Tanzf\u00e4higkeiten verbessern k\u00f6nnen.<\/p>\n<\/div><\/div>\n\n\n\n<p><\/p>\n\n\n\n<h4 class=\"wp-block-heading\"><strong>Standard\/Latein<\/strong><\/h4>\n\n\n\n<p>In unseren Tanzkursen lernen Sie die Grundschritte und Variationen der beliebtesten T\u00e4nze. Dazu geh\u00f6ren unter anderem Langsamer Walzer, Cha Cha Cha, Rumba, Samba, Jive, Tango, Quickstep, Slowfox und Wiener Walzer. <br>Wir legen dabei besonderen Wert auf die richtige Tanzhaltung und Tanzf\u00fchrung, um Ihnen ein sicheres und harmonisches Tanzerlebnis zu erm\u00f6glichen.<br><br>Unser Kursangebot umfasst sowohl Kurse f\u00fcr Einsteiger als auch Fortgeschrittene. Dabei bauen unsere Kurse aufeinander auf und bieten Ihnen die M\u00f6glichkeit, Schritt f\u00fcr Schritt Ihr K\u00f6nnen zu verbessern. Die Kurse finden w\u00f6chentlich statt und Sie k\u00f6nnen sich den Wochentag aussuchen, der Ihnen am besten passt.<\/p>\n\n\n\n<h4 class=\"wp-block-heading\"><strong><em>Hochzeitstanz <\/em><\/strong><\/h4>\n\n\n\n<p>Ihr Hochzeitstanz soll etwas Besonderes sein? Wir helfen Ihnen gerne dabei, Ihren ganz pers\u00f6nlichen Auftritt zu planen. Auf Wunsch erstellen wir Ihnen eine individuelle Choreografie auf Ihren Song oder Mix. Dabei gehen wir ganz auf Ihre W\u00fcnsche und Vorstellungen ein und setzen diese professionell um. Gerne beraten wir Sie auch bei der Musikauswahl und finden gemeinsam mit Ihnen den perfekten Song f\u00fcr Ihren Brauttanz.<\/p>\n\n\n\n<p><\/p>\n\n\n\n<h4 class=\"wp-block-heading\"><strong><em>Privatstunden<\/em><\/strong><\/h4>\n\n\n\n<p>Sie m\u00f6chten bereits Erlerntes wiederholen oder Ihre Tanzf\u00e4higkeiten auffrischen? Dann buchen Sie jetzt Ihre Privatstunde bei uns. In einem pers\u00f6nlichen Setting k\u00f6nnen Sie gemeinsam mit Ihrem Tanzlehrer oder Ihrer Tanzlehrerin gezielt an Ihren F\u00e4higkeiten arbeiten und individuelle Tipps und Tricks erhalten.<\/p>\n\n\n\n<h4 class=\"wp-block-heading\"><strong><em>Solotanz<\/em><\/strong><\/h4>\n\n\n\n<p>Solo Dance ist ein besonderes Tanzerlebnis, bei dem Sie in einer Gruppe zu Musik choreografierte T\u00e4nze tanzen. Dabei tanzt jeder selbstst\u00e4ndig in der Gruppe, vor und nebeneinander. Solo Dance eignet sich sowohl f\u00fcr T\u00e4nzer mit als auch ohne Tanzerfahrung und bietet eine tolle M\u00f6glichkeit, neue Leute kennenzulernen und gemeinsam Spa\u00df am Tanzen zu haben.<br><br>Zur Kursteilnahme bringen Sie einfach bequeme Schuhe und Kleidung mit.\u00a0<\/p>\n\n\n\n<h4 class=\"wp-block-heading\"><strong><em>Kinder und Jugendliche<\/em><\/strong><\/h4>\n\n\n\n<p>Kinder und Jugendliche\u00a0ab 7 Jahren k\u00f6nnen hier die Grundlagen des\u00a0Standard\/Lateins erlernen.<\/p>\n\n\n\n<p><strong><em><a href=\"https:\/\/laresidance.nl\/index.php\/inschrijven\/\" title=\"Inschrijven Danslessen\">Anmeldung<\/a><\/em><\/strong><br><strong><em><br><a href=\"https:\/\/laresidance.nl\/index.php\/agenda-dansschool-residance-dorany\/\" title=\"Agenda\">Veranstaltungen<\/a><\/em><\/strong><\/p>\n\n\n\n<p><\/p>\n","protected":false},"excerpt":{"rendered":"<p>Tanzkurse f\u00fcr Einsteiger und Fortgeschrittene Unser Kursangebot umfasst Tanzkurse f\u00fcr Einsteiger und Fortgeschrittene. Egal ob Sie zum ersten Mal tanzen lernen m\u00f6chten oder bereits Erfahrung&hellip;<\/p>\n","protected":false},"author":1,"featured_media":0,"parent":18,"menu_order":0,"comment_status":"closed","ping_status":"closed","template":"","meta":{"_uag_custom_page_level_css":"","sfsi_plus_gutenberg_text_before_share":"","sfsi_plus_gutenberg_show_text_before_share":"","sfsi_plus_gutenberg_icon_type":"","sfsi_plus_gutenberg_icon_alignemt":"","sfsi_plus_gutenburg_max_per_row":"","_monsterinsights_skip_tracking":false,"_monsterinsights_sitenote_active":false,"_monsterinsights_sitenote_note":"","_monsterinsights_sitenote_category":0,"_uf_show_specific_survey":0,"_uf_disable_surveys":false,"footnotes":""},"class_list":["post-1813","page","type-page","status-publish","hentry"],"aioseo_notices":[],"uagb_featured_image_src":{"full":false,"thumbnail":false,"medium":false,"medium_large":false,"large":false,"1536x1536":false,"2048x2048":false,"widget-thumbnail":false},"uagb_author_info":{"display_name":"Residance Dorany","author_link":"https:\/\/laresidance.nl\/author\/residor\/"},"uagb_comment_info":0,"uagb_excerpt":"Tanzkurse f\u00fcr Einsteiger und Fortgeschrittene Unser Kursangebot umfasst Tanzkurse f\u00fcr Einsteiger und Fortgeschrittene. Egal ob Sie zum ersten Mal tanzen lernen m\u00f6chten oder bereits Erfahrung&hellip;","jetpack_sharing_enabled":true,"_links":{"self":[{"href":"https:\/\/laresidance.nl\/wp-json\/wp\/v2\/pages\/1813","targetHints":{"allow":["GET"]}}],"collection":[{"href":"https:\/\/laresidance.nl\/wp-json\/wp\/v2\/pages"}],"about":[{"href":"https:\/\/laresidance.nl\/wp-json\/wp\/v2\/types\/page"}],"author":[{"embeddable":true,"href":"https:\/\/laresidance.nl\/wp-json\/wp\/v2\/users\/1"}],"replies":[{"embeddable":true,"href":"https:\/\/laresidance.nl\/wp-json\/wp\/v2\/comments?post=1813"}],"version-history":[{"count":27,"href":"https:\/\/laresidance.nl\/wp-json\/wp\/v2\/pages\/1813\/revisions"}],"predecessor-version":[{"id":5357,"href":"https:\/\/laresidance.nl\/wp-json\/wp\/v2\/pages\/1813\/revisions\/5357"}],"up":[{"embeddable":true,"href":"https:\/\/laresidance.nl\/wp-json\/wp\/v2\/pages\/18"}],"wp:attachment":[{"href":"https:\/\/laresidance.nl\/wp-json\/wp\/v2\/media?parent=1813"}],"curies":[{"name":"wp","href":"https:\/\/api.w.org\/{rel}","templated":true}]}}